{"id":478,"date":"2024-05-21T14:02:54","date_gmt":"2024-05-21T14:02:54","guid":{"rendered":"https:\/\/denartdrive.com\/?page_id=478"},"modified":"2024-05-21T14:04:26","modified_gmt":"2024-05-21T14:04:26","slug":"privatuma-politika","status":"publish","type":"page","link":"https:\/\/denartdrive.com\/ru\/privatuma-politika\/","title":{"rendered":"Priv\u0101tuma politika"},"content":{"rendered":"\t\t<div data-elementor-type=\"wp-page\" data-elementor-id=\"478\" class=\"elementor elementor-478 elementor-471\" data-elementor-post-type=\"page\">\n\t\t\t\t<div class=\"elementor-element elementor-element-b53e750 e-flex e-con-boxed e-con e-parent\" data-id=\"b53e750\" data-element_type=\"container\" data-e-type=\"container\">\n\t\t\t\t\t<div class=\"e-con-inner\">\n\t\t\t\t<div class=\"elementor-element elementor-element-bd00051 elementor-widget elementor-widget-text-editor\" data-id=\"bd00051\" data-element_type=\"widget\" data-e-type=\"widget\" data-widget_type=\"text-editor.default\">\n\t\t\t\t<div class=\"elementor-widget-container\">\n\t\t\t\t\t\t\t\t\t<p><strong>P\u0113d\u0113j\u0101s izmai\u0146as veik\u0161anas datums: 2024. gada 21. maijs<\/strong><\/p><p>SIA &#8220;Denart Drive&#8221; (&#8220;m\u0113s&#8221;, &#8220;m\u016bsu&#8221; vai &#8220;mums&#8221;) ir ap\u0146\u0113mies aizsarg\u0101t un respekt\u0113t j\u016bsu priv\u0101tumu. \u0160\u012b priv\u0101tuma politika nosaka pamatu, uz k\u0101da pamata m\u0113s apstr\u0101d\u0101jam jebk\u0101du personisko inform\u0101ciju, ko m\u0113s no jums ieg\u016bstam vai ko j\u016bs mums sniedzat, apmekl\u0113jot m\u016bsu vietni denartdrive.com (&#8220;Vietne&#8221;).<\/p><p><strong>1. Inform\u0101cijas v\u0101k\u0161ana<\/strong><\/p><p>M\u0113s varam v\u0101kt un apstr\u0101d\u0101t sekojo\u0161u inform\u0101ciju par jums:<\/p><ul><li>Inform\u0101ciju, kuru j\u016bs sniedzat, aizpildot formas m\u016bsu Vietn\u0113 (piem\u0113ram, re\u0123istr\u0113joties, piesakoties jaunumiem, vai iesniedzot piepras\u012bjumus).<\/li><li>Detaliz\u0113tu inform\u0101ciju par j\u016bsu apmekl\u0113jumiem m\u016bsu Vietn\u0113, tai skait\u0101, bet ne tikai, trafika datus, atra\u0161an\u0101s vietas datus un citu sazi\u0146as inform\u0101ciju.<\/li><li>Inform\u0101ciju par j\u016bsu datoru, tostarp, ja pieejams, j\u016bsu IP adresi, oper\u0113t\u0101jsist\u0113mu un p\u0101rl\u016bkprogrammas veidu.<\/li><\/ul><p><strong>2. S\u012bkdatnes<\/strong><\/p><p>M\u016bsu Vietne izmanto s\u012bkdatnes, lai at\u0161\u0137irtu j\u016bs no citiem m\u016bsu Vietnes lietot\u0101jiem. Tas pal\u012bdz mums nodro\u0161in\u0101t labu lietot\u0101ja pieredzi, p\u0101rl\u016bkojot m\u016bsu Vietni, un ar\u012b \u013cauj mums to uzlabot.<\/p><p><strong>3. Inform\u0101cijas izmanto\u0161ana<\/strong><\/p><p>M\u0113s izmantojam inform\u0101ciju, ko m\u0113s par jums glab\u0101jam, sekojo\u0161iem m\u0113r\u0137iem:<\/p><ul><li>Lai nodro\u0161in\u0101tu jums inform\u0101ciju, produktus un pakalpojumus, ko j\u016bs no mums piepras\u0101t.<\/li><li>Lai izpild\u012btu m\u016bsu saist\u012bbas, kas izriet no jebk\u0101diem l\u012bgumiem, kas nosl\u0113gti starp jums un mums.<\/li><li>Lai nodro\u0161in\u0101tu, ka m\u016bsu Vietnes saturs tiek jums un j\u016bsu datoram par\u0101d\u012bts visefekt\u012bv\u0101kaj\u0101 veid\u0101.<\/li><li>Lai pazi\u0146otu jums par izmai\u0146\u0101m m\u016bsu pakalpojumos.<\/li><\/ul><p><strong>4. Inform\u0101cijas atkl\u0101\u0161ana<\/strong><\/p><p>M\u0113s varam atkl\u0101t j\u016bsu personisko inform\u0101ciju tre\u0161aj\u0101m person\u0101m tikai \u0161\u0101dos gad\u012bjumos:<\/p><ul><li>Ja m\u0113s esam juridiski pien\u0101kumi atkl\u0101t vai dal\u012bties ar j\u016bsu personisko inform\u0101ciju, lai izpild\u012btu jebk\u0101das juridiskas saist\u012bbas.<\/li><li>Lai aizsarg\u0101tu SIA &#8220;Denart Drive&#8221;, m\u016bsu klientu vai citu personu ties\u012bbas, \u012bpa\u0161umu vai dro\u0161\u012bbu.<\/li><\/ul><p><strong>5. J\u016bsu ties\u012bbas<\/strong><\/p><p>Jums ir ties\u012bbas piepras\u012bt, lai m\u0113s neapstr\u0101d\u0101jam j\u016bsu personisko inform\u0101ciju m\u0101rketinga nol\u016bkos. M\u0113s parasti inform\u0113sim j\u016bs (pirms j\u016bsu inform\u0101cijas v\u0101k\u0161anas), ja m\u0113s pl\u0101nojam izmantot j\u016bsu inform\u0101ciju \u0161\u0101diem m\u0113r\u0137iem vai ja m\u0113s pl\u0101nojam izpaust j\u016bsu inform\u0101ciju tre\u0161aj\u0101m person\u0101m \u0161\u0101diem m\u0113r\u0137iem.<\/p><p><strong>6. Datu dro\u0161\u012bba<\/strong><\/p><p>M\u0113s veiksim visus sapr\u0101t\u012bgos pas\u0101kumus, lai nodro\u0161in\u0101tu, ka j\u016bsu dati tiek apstr\u0101d\u0101ti dro\u0161i un saska\u0146\u0101 ar \u0161o priv\u0101tuma politiku.<\/p><p><strong>7. Sazi\u0146a<\/strong><\/p><p>Jaut\u0101jumi, koment\u0101ri un piepras\u012bjumi saist\u012bb\u0101 ar \u0161o priv\u0101tuma politiku ir laipni gaid\u012bti un tos var adres\u0113t uz e-pastu: <a target=\"_new\" rel=\"noreferrer\">denartdrive@gmail.com<\/a>.<\/p><p>\u0160\u012b priv\u0101tuma politika ir da\u013ca no m\u016bsu visp\u0101r\u0113jiem noteikumiem un nosac\u012bjumiem. L\u016bdzu, periodiski p\u0101rbaudiet \u0161o lapu, lai redz\u0113tu jebk\u0101das izmai\u0146as, ko m\u0113s varam veikt m\u016bsu priv\u0101tuma politik\u0101.<\/p>\t\t\t\t\t\t\t\t<\/div>\n\t\t\t\t<\/div>\n\t\t\t\t\t<\/div>\n\t\t\t\t<\/div>\n\t\t\t\t<\/div>\n\t\t","protected":false},"excerpt":{"rendered":"<p>P\u0113d\u0113j\u0101s izmai\u0146as veik\u0161anas datums: 2024. gada 21. maijs SIA &#8220;Denart Drive&#8221; (&#8220;m\u0113s&#8221;, &#8220;m\u016bsu&#8221; vai &#8220;mums&#8221;) ir ap\u0146\u0113mies aizsarg\u0101t un respekt\u0113t j\u016bsu priv\u0101tumu. \u0160\u012b priv\u0101tuma politika nosaka pamatu, uz k\u0101da pamata m\u0113s apstr\u0101d\u0101jam jebk\u0101du personisko inform\u0101ciju, ko m\u0113s no jums ieg\u016bstam vai ko j\u016bs mums sniedzat, apmekl\u0113jot m\u016bsu vietni denartdrive.com (&#8220;Vietne&#8221;). 1. Inform\u0101cijas v\u0101k\u0161ana M\u0113s varam [&hellip;]<\/p>\n","protected":false},"author":25,"featured_media":0,"parent":0,"menu_order":0,"comment_status":"closed","ping_status":"closed","template":"","meta":{"footnotes":""},"class_list":["post-478","page","type-page","status-publish","hentry"],"_links":{"self":[{"href":"https:\/\/denartdrive.com\/ru\/wp-json\/wp\/v2\/pages\/478","targetHints":{"allow":["GET"]}}],"collection":[{"href":"https:\/\/denartdrive.com\/ru\/wp-json\/wp\/v2\/pages"}],"about":[{"href":"https:\/\/denartdrive.com\/ru\/wp-json\/wp\/v2\/types\/page"}],"author":[{"embeddable":true,"href":"https:\/\/denartdrive.com\/ru\/wp-json\/wp\/v2\/users\/25"}],"replies":[{"embeddable":true,"href":"https:\/\/denartdrive.com\/ru\/wp-json\/wp\/v2\/comments?post=478"}],"version-history":[{"count":1,"href":"https:\/\/denartdrive.com\/ru\/wp-json\/wp\/v2\/pages\/478\/revisions"}],"predecessor-version":[{"id":479,"href":"https:\/\/denartdrive.com\/ru\/wp-json\/wp\/v2\/pages\/478\/revisions\/479"}],"wp:attachment":[{"href":"https:\/\/denartdrive.com\/ru\/wp-json\/wp\/v2\/media?parent=478"}],"curies":[{"name":"wp","href":"https:\/\/api.w.org\/{rel}","templated":true}]}}